{"id":167,"date":"2020-04-15T15:18:49","date_gmt":"2020-04-15T15:18:49","guid":{"rendered":"http:\/\/our-better-life.de\/?page_id=167"},"modified":"2020-04-15T15:18:49","modified_gmt":"2020-04-15T15:18:49","slug":"seifen","status":"publish","type":"page","link":"https:\/\/our-better-life.de\/?page_id=167","title":{"rendered":"Seifen"},"content":{"rendered":"<p>Rainer hatte viele Jahre Probleme mit immer wiederkehrenden Ekzemen an den H\u00e4nden. Er hat alle m\u00f6glichen Waschlotionen und Cremes aus der Apotheke ausprobiert, aber nichts hat dauerhaft geholfen.<\/p>\n<p>Ich habe viele Seiten im Internet durchforstet und bin irgendwann auf einen Beitrag gesto\u00dfen, in dem berichtet wurde, dass jemand komplett auf selbstgemachte Naturkosmetik umgestiegen ist und damit alle Hautprobleme besiegt hat. &#8211; Wenn das bei der Autorin des Beitrags geklappt hat, warum sollte das nicht auch bei Rainer klappen?!<\/p>\n<p>Im n\u00e4chsten Schritt habe ich mir B\u00fccher \u00fcber die Herstellung nat\u00fcrlicher Seifen und Naturkosmetik besorgt. &#8211; Im zweiten Schritt habe ich meine erste Seife aus nat\u00fcrlichen Zutaten und vor allem ohne Duft- und Farbstoffe gesiedet.<\/p>\n<p>Es handelte sich um eine Imkerseife, in denen Bienenwachs und Propolis enthalten war. Dieses Stoffen sagt man nach, dass sie entz\u00fcndungshemmend sind und die Wundheilung unterst\u00fctzen.<\/p>\n<p>Ihr k\u00f6nnt es Euch sicher denken?! &#8211; Der Aufwand hat sich mehr als gelohnt. Seitdem wir meine selbst gesiedeten Seifen verwenden, hatte Rainer nie wieder Probleme mit Ekzemen.<\/p>\n<p>Inzwischen habe ich viele Seifenrezepte ausprobiert und auch einige Eigenkreationen entwickelt. Viele der Seifen verschenke ich nat\u00fcrlich in unserem Freundeskreis, denn so viele Seifenst\u00fccke, wie im Laufe der Zeit in meiner Hexenk\u00fcche produziert werden, k\u00f6nnen wir gar nicht verbrauchen.<\/p>\n<p>Warum ich die Seifen nicht verkaufe? &#8211; Bisher konnte ich mich nicht dazu durchringen, den durch die Kosmetikrichtlinien geregelten Genehmigungsprozess zu durchlaufen. Diese Genehmigung kostet einiges an Geld, Aufwand und Zeit. &#8211; Aber vielleicht ringe ich mich doch eines Tages noch durch. \ud83d\ude42<\/p>\n<p><img loading=\"lazy\" decoding=\"async\" class=\"alignnone size-medium wp-image-114\" src=\"http:\/\/our-better-life.de\/wp-content\/uploads\/2020\/04\/20190424_062207-300x225.jpg\" alt=\"\" width=\"300\" height=\"225\" srcset=\"https:\/\/our-better-life.de\/wp-content\/uploads\/2020\/04\/20190424_062207-300x225.jpg 300w, https:\/\/our-better-life.de\/wp-content\/uploads\/2020\/04\/20190424_062207-1024x768.jpg 1024w, https:\/\/our-better-life.de\/wp-content\/uploads\/2020\/04\/20190424_062207-768x576.jpg 768w, https:\/\/our-better-life.de\/wp-content\/uploads\/2020\/04\/20190424_062207-1536x1152.jpg 1536w, https:\/\/our-better-life.de\/wp-content\/uploads\/2020\/04\/20190424_062207-2048x1536.jpg 2048w\" sizes=\"auto, (max-width: 300px) 100vw, 300px\" \/><\/p>\n","protected":false},"excerpt":{"rendered":"<p>Rainer hatte viele Jahre Probleme mit immer wiederkehrenden Ekzemen an den H\u00e4nden. Er hat alle m\u00f6glichen Waschlotionen und Cremes aus der Apotheke ausprobiert, aber nichts hat dauerhaft geholfen. Ich habe viele Seiten im Internet durchforstet und bin irgendwann auf einen<\/p>\n","protected":false},"author":2,"featured_media":0,"parent":80,"menu_order":0,"comment_status":"closed","ping_status":"closed","template":"","meta":{"footnotes":""},"class_list":["post-167","page","type-page","status-publish","hentry"],"_links":{"self":[{"href":"https:\/\/our-better-life.de\/index.php?rest_route=\/wp\/v2\/pages\/167","targetHints":{"allow":["GET"]}}],"collection":[{"href":"https:\/\/our-better-life.de\/index.php?rest_route=\/wp\/v2\/pages"}],"about":[{"href":"https:\/\/our-better-life.de\/index.php?rest_route=\/wp\/v2\/types\/page"}],"author":[{"embeddable":true,"href":"https:\/\/our-better-life.de\/index.php?rest_route=\/wp\/v2\/users\/2"}],"replies":[{"embeddable":true,"href":"https:\/\/our-better-life.de\/index.php?rest_route=%2Fwp%2Fv2%2Fcomments&post=167"}],"version-history":[{"count":1,"href":"https:\/\/our-better-life.de\/index.php?rest_route=\/wp\/v2\/pages\/167\/revisions"}],"predecessor-version":[{"id":168,"href":"https:\/\/our-better-life.de\/index.php?rest_route=\/wp\/v2\/pages\/167\/revisions\/168"}],"up":[{"embeddable":true,"href":"https:\/\/our-better-life.de\/index.php?rest_route=\/wp\/v2\/pages\/80"}],"wp:attachment":[{"href":"https:\/\/our-better-life.de\/index.php?rest_route=%2Fwp%2Fv2%2Fmedia&parent=167"}],"curies":[{"name":"wp","href":"https:\/\/api.w.org\/{rel}","templated":true}]}}