{"id":21,"date":"2017-04-22T15:52:29","date_gmt":"2017-04-22T15:52:29","guid":{"rendered":"http:\/\/our-better-life.de\/?page_id=21"},"modified":"2020-11-11T19:53:19","modified_gmt":"2020-11-11T18:53:19","slug":"test","status":"publish","type":"page","link":"https:\/\/our-better-life.de\/?page_id=21","title":{"rendered":"\u00dcber uns"},"content":{"rendered":"<p>Was treibt uns an, was l\u00e4sst uns unser Leben so leben, wie wir es leben?!<\/p>\n<p>Der Glaube an die Bedeutung des eigenen Handelns.<\/p>\n<p>Das klingt vielleicht ein bisschen arrogant, ist es aber gar nicht. Wir sind davon \u00fcberzeugt, dass jeder einzelne von uns privilegierten Menschen, etwas dazu beitragen kann, dass unsere Welt nicht ganz vor die Hunde geht.<\/p>\n<p>Wir haben vor ein paar Jahren damit begonnen, unsere Ern\u00e4hrung umzustellen, unsere Kaufgewohnheiten zu \u00e4ndern, im t\u00e4glichen Leben darauf zu achten, die Umwelt so wenig wie m\u00f6glich zu belasten.<\/p>\n<p>Perfekt sind wir bei weitem nicht, immerhin fahren wir Auto, fliegen in Urlaub, gehen in die Sauna und nutzen gleich zwei Computer in einem Haushalt.<\/p>\n<p>Aber wir haben einige wichtige Schritte in die richtige Richtung gemacht:<\/p>\n<p>Seit 3 Jahren kaufen wir kein Duschgel, kein Shampoo, kein Deo und keine Zahnpasta mehr. Viele Putzmittel sind ebenfalls mit Natron und Zitronens\u00e4ure ersetzt worden. Mit dem Ergebniss beim selbstgemachten Waschmittel sind wir noch nicht zu 100 % zufrieden.\u00a0 Aber auch hier geben wir nicht auf.<\/p>\n<p>Ihr glaubt gar nicht, wieviel Spa\u00df es macht, Seife, Creme, Deo und Zahnpasta selbst herzustellen. Wenn dann auch noch das tolle Gef\u00fchl dazu kommt, gesund und gepflegt zu sein und auch noch Umwelt und Geldbeutel zu schonen, dann ist das schon klasse.<\/p>\n<p>Das gleiche gilt f\u00fcr Brot, Nudeln und M\u00fcsli. Wir haben uns Getreides\u00e4cke in den Keller geh\u00e4ngt und kaufen Getreide aus deutschem Bio-Anbau. F\u00fcr das t\u00e4gliche \u2013 irre vielf\u00e4ltige Brot \u2013 malen wir das Getreide bei Bedarf frisch, das gleiche gilt f\u00fcr die Nudeln. Die K\u00f6rner f\u00fcrs M\u00fcsli werden jeden Morgen gemischt und durch die Quetsche gedreht. \u2013 All diese Produkte schmecken so viel besser als das, was wir fr\u00fcher von der Lebensmittelindustrie be- und verarbeitet und in Plastik verpackt aus dem Supermarkt heim geschleppt haben.<\/p>\n<p>Sogar einen Teil unseres Gem\u00fcsebedarfs erzeugen wir seit 3 Jahren selbst. Wir mieten von einem Bauern eine Ackerparzelle von 60 qm, auf der wir Kartoffeln, Zwiebeln, M\u00f6hren, Kohl, Zucchini u.v.m. anbauen. &#8211; Alles, was nicht gleich gegessen werden kann, wird eingekocht oder eingefroren.<\/p>\n<p>Und es gibt noch so viele andere kleine und gro\u00dfe Dinge, die unser heutiges Leben von dem unterscheidet, wie wir fr\u00fcher gelebt haben.<\/p>\n<p>Viele Menschen in unserem Umfeld erkl\u00e4ren uns immer wieder, dass eine solche Lebensweise viel zu aufw\u00e4ndig ist und sie aufgrund ihres Jobs keine Zeit daf\u00fcr haben. \u2013 Ja, es stimmt, gut leben kostet Zeit, aber wir finden, dass sich der Einsatz lohnt, denn wir alle haben nur ein Leben, einen K\u00f6rper und eine Welt.<\/p>\n<p>Unsere Haut ist besser geworden, wir f\u00fchlen uns fit und gesund, in unserem Haus riecht es nur noch nach nat\u00fcrlichen D\u00fcften, unser Essen schmeckt nicht nur uns, wir haben schon mehrfach von unseren G\u00e4sten geh\u00f6rt, dass es Restaurant-Qualit\u00e4t hat, unser Geldbeutel wird merklich geschont, unser M\u00fclleimer braucht oft Wochen, bis er mal wieder an die Stra\u00dfe muss, das Gl\u00fccksgef\u00fchl, t\u00e4glich etwas f\u00fcr uns und unsere Umwelt zu tun ist unbeschreiblich sch\u00f6n.<\/p>\n<p>Wir m\u00fcssen noch einige Jahre arbeiten, bevor wir die Rente beantragen k\u00f6nnen, aber selbst dann werden wir uns nicht zur\u00fccklehnen. Bereits jetzt arbeiten wir darauf hin, langfristig f\u00fcr uns und unsere Mitmenschen ein besseres Leben f\u00fchren zu k\u00f6nnen.<\/p>\n<p>Jeder Mensch kann mit seinem Handeln dazu beitragen, dass unsere Welt ein bisschen besser wird. \u2013 Wie das geht leben wir gerne vor.<\/p>\n<p>If you wanna make the world a better place take a look at yourself and make a change.<\/p>\n<p>Herzlichst<\/p>\n<p>&nbsp;<\/p>\n<p><img loading=\"lazy\" decoding=\"async\" class=\"alignnone size-medium wp-image-34\" src=\"http:\/\/our-better-life.de\/wp-content\/uploads\/2017\/04\/wir-300x221.jpg\" alt=\"\" width=\"300\" height=\"221\" srcset=\"https:\/\/our-better-life.de\/wp-content\/uploads\/2017\/04\/wir-300x221.jpg 300w, https:\/\/our-better-life.de\/wp-content\/uploads\/2017\/04\/wir.jpg 476w\" sizes=\"auto, (max-width: 300px) 100vw, 300px\" \/><\/p>\n<p>Claudia und Rainer<\/p>\n","protected":false},"excerpt":{"rendered":"<p>Was treibt uns an, was l\u00e4sst uns unser Leben so leben, wie wir es leben?! Der Glaube an die Bedeutung des eigenen Handelns. Das klingt vielleicht ein bisschen arrogant, ist es aber gar nicht. Wir sind davon \u00fcberzeugt, dass jeder<\/p>\n","protected":false},"author":1,"featured_media":0,"parent":0,"menu_order":0,"comment_status":"closed","ping_status":"closed","template":"","meta":{"footnotes":""},"class_list":["post-21","page","type-page","status-publish","hentry"],"_links":{"self":[{"href":"https:\/\/our-better-life.de\/index.php?rest_route=\/wp\/v2\/pages\/21","targetHints":{"allow":["GET"]}}],"collection":[{"href":"https:\/\/our-better-life.de\/index.php?rest_route=\/wp\/v2\/pages"}],"about":[{"href":"https:\/\/our-better-life.de\/index.php?rest_route=\/wp\/v2\/types\/page"}],"author":[{"embeddable":true,"href":"https:\/\/our-better-life.de\/index.php?rest_route=\/wp\/v2\/users\/1"}],"replies":[{"embeddable":true,"href":"https:\/\/our-better-life.de\/index.php?rest_route=%2Fwp%2Fv2%2Fcomments&post=21"}],"version-history":[{"count":9,"href":"https:\/\/our-better-life.de\/index.php?rest_route=\/wp\/v2\/pages\/21\/revisions"}],"predecessor-version":[{"id":478,"href":"https:\/\/our-better-life.de\/index.php?rest_route=\/wp\/v2\/pages\/21\/revisions\/478"}],"wp:attachment":[{"href":"https:\/\/our-better-life.de\/index.php?rest_route=%2Fwp%2Fv2%2Fmedia&parent=21"}],"curies":[{"name":"wp","href":"https:\/\/api.w.org\/{rel}","templated":true}]}}