{"id":289,"date":"2020-04-20T14:18:39","date_gmt":"2020-04-20T14:18:39","guid":{"rendered":"http:\/\/our-better-life.de\/?page_id=289"},"modified":"2020-04-20T14:18:39","modified_gmt":"2020-04-20T14:18:39","slug":"hausschuhe","status":"publish","type":"page","link":"https:\/\/our-better-life.de\/?page_id=289","title":{"rendered":"Hausschuhe"},"content":{"rendered":"<p>Hier seht Ihr einige der Hausschuhe.<\/p>\n<p>Diese Hausschuhe werden zun\u00e4chst gestrickt und anschlie\u00dfend in der Waschmaschine gefilzt.<\/p>\n<p>Die Schuhe kommen als Klumpen aus der Waschmaschine und m\u00fcssen dann auf die gew\u00fcnschte Gr\u00f6\u00dfe und Form gezogen werden.<\/p>\n<p><img loading=\"lazy\" decoding=\"async\" class=\"alignnone size-medium wp-image-287\" src=\"http:\/\/our-better-life.de\/wp-content\/uploads\/2020\/04\/20190113_142343-300x225.jpg\" alt=\"\" width=\"300\" height=\"225\" srcset=\"https:\/\/our-better-life.de\/wp-content\/uploads\/2020\/04\/20190113_142343-300x225.jpg 300w, https:\/\/our-better-life.de\/wp-content\/uploads\/2020\/04\/20190113_142343-1024x768.jpg 1024w, https:\/\/our-better-life.de\/wp-content\/uploads\/2020\/04\/20190113_142343-768x576.jpg 768w, https:\/\/our-better-life.de\/wp-content\/uploads\/2020\/04\/20190113_142343-1536x1152.jpg 1536w, https:\/\/our-better-life.de\/wp-content\/uploads\/2020\/04\/20190113_142343-2048x1536.jpg 2048w\" sizes=\"auto, (max-width: 300px) 100vw, 300px\" \/> <img loading=\"lazy\" decoding=\"async\" class=\"alignnone size-medium wp-image-282\" src=\"http:\/\/our-better-life.de\/wp-content\/uploads\/2020\/04\/20180516_191010-225x300.jpg\" alt=\"\" width=\"225\" height=\"300\" srcset=\"https:\/\/our-better-life.de\/wp-content\/uploads\/2020\/04\/20180516_191010-225x300.jpg 225w, https:\/\/our-better-life.de\/wp-content\/uploads\/2020\/04\/20180516_191010-768x1024.jpg 768w, https:\/\/our-better-life.de\/wp-content\/uploads\/2020\/04\/20180516_191010-1152x1536.jpg 1152w, https:\/\/our-better-life.de\/wp-content\/uploads\/2020\/04\/20180516_191010-rotated.jpg 1200w\" sizes=\"auto, (max-width: 225px) 100vw, 225px\" \/> <img loading=\"lazy\" decoding=\"async\" class=\"alignnone size-medium wp-image-281\" src=\"http:\/\/our-better-life.de\/wp-content\/uploads\/2020\/04\/20180516_190950-225x300.jpg\" alt=\"\" width=\"225\" height=\"300\" srcset=\"https:\/\/our-better-life.de\/wp-content\/uploads\/2020\/04\/20180516_190950-225x300.jpg 225w, https:\/\/our-better-life.de\/wp-content\/uploads\/2020\/04\/20180516_190950-768x1024.jpg 768w, https:\/\/our-better-life.de\/wp-content\/uploads\/2020\/04\/20180516_190950-1152x1536.jpg 1152w, https:\/\/our-better-life.de\/wp-content\/uploads\/2020\/04\/20180516_190950-rotated.jpg 1200w\" sizes=\"auto, (max-width: 225px) 100vw, 225px\" \/> <img loading=\"lazy\" decoding=\"async\" class=\"alignnone size-medium wp-image-280\" src=\"http:\/\/our-better-life.de\/wp-content\/uploads\/2020\/04\/20180225_175149-225x300.jpg\" alt=\"\" width=\"225\" height=\"300\" srcset=\"https:\/\/our-better-life.de\/wp-content\/uploads\/2020\/04\/20180225_175149-225x300.jpg 225w, https:\/\/our-better-life.de\/wp-content\/uploads\/2020\/04\/20180225_175149-768x1024.jpg 768w, https:\/\/our-better-life.de\/wp-content\/uploads\/2020\/04\/20180225_175149-1152x1536.jpg 1152w, https:\/\/our-better-life.de\/wp-content\/uploads\/2020\/04\/20180225_175149-rotated.jpg 1200w\" sizes=\"auto, (max-width: 225px) 100vw, 225px\" \/> <img loading=\"lazy\" decoding=\"async\" class=\"alignnone size-medium wp-image-279\" src=\"http:\/\/our-better-life.de\/wp-content\/uploads\/2020\/04\/20171115_222829-225x300.jpg\" alt=\"\" width=\"225\" height=\"300\" srcset=\"https:\/\/our-better-life.de\/wp-content\/uploads\/2020\/04\/20171115_222829-225x300.jpg 225w, https:\/\/our-better-life.de\/wp-content\/uploads\/2020\/04\/20171115_222829-768x1024.jpg 768w, https:\/\/our-better-life.de\/wp-content\/uploads\/2020\/04\/20171115_222829-1152x1536.jpg 1152w, https:\/\/our-better-life.de\/wp-content\/uploads\/2020\/04\/20171115_222829-rotated.jpg 1200w\" sizes=\"auto, (max-width: 225px) 100vw, 225px\" \/> <img loading=\"lazy\" decoding=\"async\" class=\"alignnone size-medium wp-image-278\" src=\"http:\/\/our-better-life.de\/wp-content\/uploads\/2020\/04\/20171001_153204-300x225.jpg\" alt=\"\" width=\"300\" height=\"225\" srcset=\"https:\/\/our-better-life.de\/wp-content\/uploads\/2020\/04\/20171001_153204-300x225.jpg 300w, https:\/\/our-better-life.de\/wp-content\/uploads\/2020\/04\/20171001_153204-1024x768.jpg 1024w, https:\/\/our-better-life.de\/wp-content\/uploads\/2020\/04\/20171001_153204-768x576.jpg 768w, https:\/\/our-better-life.de\/wp-content\/uploads\/2020\/04\/20171001_153204-1536x1152.jpg 1536w, https:\/\/our-better-life.de\/wp-content\/uploads\/2020\/04\/20171001_153204.jpg 1600w\" sizes=\"auto, (max-width: 300px) 100vw, 300px\" \/><\/p>\n","protected":false},"excerpt":{"rendered":"<p>Hier seht Ihr einige der Hausschuhe. Diese Hausschuhe werden zun\u00e4chst gestrickt und anschlie\u00dfend in der Waschmaschine gefilzt. Die Schuhe kommen als Klumpen aus der Waschmaschine und m\u00fcssen dann auf die gew\u00fcnschte Gr\u00f6\u00dfe und Form gezogen werden.<\/p>\n","protected":false},"author":2,"featured_media":0,"parent":163,"menu_order":0,"comment_status":"closed","ping_status":"closed","template":"","meta":{"footnotes":""},"class_list":["post-289","page","type-page","status-publish","hentry"],"_links":{"self":[{"href":"https:\/\/our-better-life.de\/index.php?rest_route=\/wp\/v2\/pages\/289","targetHints":{"allow":["GET"]}}],"collection":[{"href":"https:\/\/our-better-life.de\/index.php?rest_route=\/wp\/v2\/pages"}],"about":[{"href":"https:\/\/our-better-life.de\/index.php?rest_route=\/wp\/v2\/types\/page"}],"author":[{"embeddable":true,"href":"https:\/\/our-better-life.de\/index.php?rest_route=\/wp\/v2\/users\/2"}],"replies":[{"embeddable":true,"href":"https:\/\/our-better-life.de\/index.php?rest_route=%2Fwp%2Fv2%2Fcomments&post=289"}],"version-history":[{"count":1,"href":"https:\/\/our-better-life.de\/index.php?rest_route=\/wp\/v2\/pages\/289\/revisions"}],"predecessor-version":[{"id":290,"href":"https:\/\/our-better-life.de\/index.php?rest_route=\/wp\/v2\/pages\/289\/revisions\/290"}],"up":[{"embeddable":true,"href":"https:\/\/our-better-life.de\/index.php?rest_route=\/wp\/v2\/pages\/163"}],"wp:attachment":[{"href":"https:\/\/our-better-life.de\/index.php?rest_route=%2Fwp%2Fv2%2Fmedia&parent=289"}],"curies":[{"name":"wp","href":"https:\/\/api.w.org\/{rel}","templated":true}]}}