{"id":291,"date":"2020-04-20T14:21:28","date_gmt":"2020-04-20T14:21:28","guid":{"rendered":"http:\/\/our-better-life.de\/?page_id=291"},"modified":"2020-04-20T14:21:28","modified_gmt":"2020-04-20T14:21:28","slug":"taschen","status":"publish","type":"page","link":"https:\/\/our-better-life.de\/?page_id=291","title":{"rendered":"Taschen"},"content":{"rendered":"<p>Auch die Taschen werden zun\u00e4chst gestrickt und anschlie\u00dfend in der Waschmaschine gefilzt.<\/p>\n<p>Die Henkel der Taschen k\u00f6nnen gleich angestrickt werden oder es werden an die fertig gefilzte Tasche Henkel, Griffe oder Riemen angen\u00e4ht.<\/p>\n<p><img loading=\"lazy\" decoding=\"async\" class=\"alignnone size-medium wp-image-286\" src=\"http:\/\/our-better-life.de\/wp-content\/uploads\/2020\/04\/20181124_161302-300x225.jpg\" alt=\"\" width=\"300\" height=\"225\" srcset=\"https:\/\/our-better-life.de\/wp-content\/uploads\/2020\/04\/20181124_161302-300x225.jpg 300w, https:\/\/our-better-life.de\/wp-content\/uploads\/2020\/04\/20181124_161302-1024x768.jpg 1024w, https:\/\/our-better-life.de\/wp-content\/uploads\/2020\/04\/20181124_161302-768x576.jpg 768w, https:\/\/our-better-life.de\/wp-content\/uploads\/2020\/04\/20181124_161302-1536x1152.jpg 1536w, https:\/\/our-better-life.de\/wp-content\/uploads\/2020\/04\/20181124_161302-2048x1536.jpg 2048w\" sizes=\"auto, (max-width: 300px) 100vw, 300px\" \/> <img loading=\"lazy\" decoding=\"async\" class=\"alignnone size-medium wp-image-283\" src=\"http:\/\/our-better-life.de\/wp-content\/uploads\/2020\/04\/20180805_092601-300x225.jpg\" alt=\"\" width=\"300\" height=\"225\" srcset=\"https:\/\/our-better-life.de\/wp-content\/uploads\/2020\/04\/20180805_092601-300x225.jpg 300w, https:\/\/our-better-life.de\/wp-content\/uploads\/2020\/04\/20180805_092601-1024x768.jpg 1024w, https:\/\/our-better-life.de\/wp-content\/uploads\/2020\/04\/20180805_092601-768x576.jpg 768w, https:\/\/our-better-life.de\/wp-content\/uploads\/2020\/04\/20180805_092601-1536x1152.jpg 1536w, https:\/\/our-better-life.de\/wp-content\/uploads\/2020\/04\/20180805_092601-2048x1536.jpg 2048w\" sizes=\"auto, (max-width: 300px) 100vw, 300px\" \/> <img loading=\"lazy\" decoding=\"async\" class=\"alignnone size-medium wp-image-119\" src=\"http:\/\/our-better-life.de\/wp-content\/uploads\/2020\/04\/20190815_232646-225x300.jpg\" alt=\"\" width=\"225\" height=\"300\" srcset=\"https:\/\/our-better-life.de\/wp-content\/uploads\/2020\/04\/20190815_232646-225x300.jpg 225w, https:\/\/our-better-life.de\/wp-content\/uploads\/2020\/04\/20190815_232646-768x1024.jpg 768w, https:\/\/our-better-life.de\/wp-content\/uploads\/2020\/04\/20190815_232646-1152x1536.jpg 1152w, https:\/\/our-better-life.de\/wp-content\/uploads\/2020\/04\/20190815_232646-1536x2048.jpg 1536w, https:\/\/our-better-life.de\/wp-content\/uploads\/2020\/04\/20190815_232646-scaled.jpg 1920w\" sizes=\"auto, (max-width: 225px) 100vw, 225px\" \/> <img loading=\"lazy\" decoding=\"async\" class=\"alignnone size-medium wp-image-124\" src=\"http:\/\/our-better-life.de\/wp-content\/uploads\/2020\/04\/20190826_094546-300x225.jpg\" alt=\"\" width=\"300\" height=\"225\" srcset=\"https:\/\/our-better-life.de\/wp-content\/uploads\/2020\/04\/20190826_094546-300x225.jpg 300w, https:\/\/our-better-life.de\/wp-content\/uploads\/2020\/04\/20190826_094546-1024x768.jpg 1024w, https:\/\/our-better-life.de\/wp-content\/uploads\/2020\/04\/20190826_094546-768x576.jpg 768w, https:\/\/our-better-life.de\/wp-content\/uploads\/2020\/04\/20190826_094546-1536x1152.jpg 1536w, https:\/\/our-better-life.de\/wp-content\/uploads\/2020\/04\/20190826_094546-2048x1536.jpg 2048w\" sizes=\"auto, (max-width: 300px) 100vw, 300px\" \/><\/p>\n","protected":false},"excerpt":{"rendered":"<p>Auch die Taschen werden zun\u00e4chst gestrickt und anschlie\u00dfend in der Waschmaschine gefilzt. Die Henkel der Taschen k\u00f6nnen gleich angestrickt werden oder es werden an die fertig gefilzte Tasche Henkel, Griffe oder Riemen angen\u00e4ht.<\/p>\n","protected":false},"author":2,"featured_media":0,"parent":163,"menu_order":0,"comment_status":"closed","ping_status":"closed","template":"","meta":{"footnotes":""},"class_list":["post-291","page","type-page","status-publish","hentry"],"_links":{"self":[{"href":"https:\/\/our-better-life.de\/index.php?rest_route=\/wp\/v2\/pages\/291","targetHints":{"allow":["GET"]}}],"collection":[{"href":"https:\/\/our-better-life.de\/index.php?rest_route=\/wp\/v2\/pages"}],"about":[{"href":"https:\/\/our-better-life.de\/index.php?rest_route=\/wp\/v2\/types\/page"}],"author":[{"embeddable":true,"href":"https:\/\/our-better-life.de\/index.php?rest_route=\/wp\/v2\/users\/2"}],"replies":[{"embeddable":true,"href":"https:\/\/our-better-life.de\/index.php?rest_route=%2Fwp%2Fv2%2Fcomments&post=291"}],"version-history":[{"count":1,"href":"https:\/\/our-better-life.de\/index.php?rest_route=\/wp\/v2\/pages\/291\/revisions"}],"predecessor-version":[{"id":292,"href":"https:\/\/our-better-life.de\/index.php?rest_route=\/wp\/v2\/pages\/291\/revisions\/292"}],"up":[{"embeddable":true,"href":"https:\/\/our-better-life.de\/index.php?rest_route=\/wp\/v2\/pages\/163"}],"wp:attachment":[{"href":"https:\/\/our-better-life.de\/index.php?rest_route=%2Fwp%2Fv2%2Fmedia&parent=291"}],"curies":[{"name":"wp","href":"https:\/\/api.w.org\/{rel}","templated":true}]}}