{"id":293,"date":"2020-04-20T14:28:03","date_gmt":"2020-04-20T14:28:03","guid":{"rendered":"http:\/\/our-better-life.de\/?page_id=293"},"modified":"2020-04-21T11:19:17","modified_gmt":"2020-04-21T11:19:17","slug":"blumen-figuren-und-bilder","status":"publish","type":"page","link":"https:\/\/our-better-life.de\/?page_id=293","title":{"rendered":"Blumen, Figuren und Bilder"},"content":{"rendered":"<p>Neben den n\u00fctzlichen Gegenst\u00e4nden kann man auch sch\u00f6ne Dinge filzen.<\/p>\n<p>Auf den folgenden Fotos seht Ihr Blumen und Bilder, die in der s.g. nass gefilzt sind.<\/p>\n<p>Die &#8222;Steine&#8220; und Figuren habe ich mit der Nadel (trocken) gefilzt.<\/p>\n<p><img loading=\"lazy\" decoding=\"async\" class=\"alignnone size-medium wp-image-288\" src=\"http:\/\/our-better-life.de\/wp-content\/uploads\/2020\/04\/20190901_111844-225x300.jpg\" alt=\"\" width=\"225\" height=\"300\" srcset=\"https:\/\/our-better-life.de\/wp-content\/uploads\/2020\/04\/20190901_111844-225x300.jpg 225w, https:\/\/our-better-life.de\/wp-content\/uploads\/2020\/04\/20190901_111844-768x1024.jpg 768w, https:\/\/our-better-life.de\/wp-content\/uploads\/2020\/04\/20190901_111844-1152x1536.jpg 1152w, https:\/\/our-better-life.de\/wp-content\/uploads\/2020\/04\/20190901_111844-1536x2048.jpg 1536w, https:\/\/our-better-life.de\/wp-content\/uploads\/2020\/04\/20190901_111844-scaled.jpg 1920w\" sizes=\"auto, (max-width: 225px) 100vw, 225px\" \/> <img loading=\"lazy\" decoding=\"async\" class=\"alignnone size-medium wp-image-122\" src=\"http:\/\/our-better-life.de\/wp-content\/uploads\/2020\/04\/20190826_094237-300x225.jpg\" alt=\"\" width=\"300\" height=\"225\" srcset=\"https:\/\/our-better-life.de\/wp-content\/uploads\/2020\/04\/20190826_094237-300x225.jpg 300w, https:\/\/our-better-life.de\/wp-content\/uploads\/2020\/04\/20190826_094237-1024x768.jpg 1024w, https:\/\/our-better-life.de\/wp-content\/uploads\/2020\/04\/20190826_094237-768x576.jpg 768w, https:\/\/our-better-life.de\/wp-content\/uploads\/2020\/04\/20190826_094237-1536x1152.jpg 1536w, https:\/\/our-better-life.de\/wp-content\/uploads\/2020\/04\/20190826_094237-2048x1536.jpg 2048w\" sizes=\"auto, (max-width: 300px) 100vw, 300px\" \/> <img loading=\"lazy\" decoding=\"async\" class=\"alignnone size-medium wp-image-118\" src=\"http:\/\/our-better-life.de\/wp-content\/uploads\/2020\/04\/20190811_190008-300x225.jpg\" alt=\"\" width=\"300\" height=\"225\" srcset=\"https:\/\/our-better-life.de\/wp-content\/uploads\/2020\/04\/20190811_190008-300x225.jpg 300w, https:\/\/our-better-life.de\/wp-content\/uploads\/2020\/04\/20190811_190008-1024x768.jpg 1024w, https:\/\/our-better-life.de\/wp-content\/uploads\/2020\/04\/20190811_190008-768x576.jpg 768w, https:\/\/our-better-life.de\/wp-content\/uploads\/2020\/04\/20190811_190008-1536x1152.jpg 1536w, https:\/\/our-better-life.de\/wp-content\/uploads\/2020\/04\/20190811_190008-2048x1536.jpg 2048w\" sizes=\"auto, (max-width: 300px) 100vw, 300px\" \/> <img loading=\"lazy\" decoding=\"async\" class=\"alignnone size-medium wp-image-117\" src=\"http:\/\/our-better-life.de\/wp-content\/uploads\/2020\/04\/20190811_185901-300x225.jpg\" alt=\"\" width=\"300\" height=\"225\" srcset=\"https:\/\/our-better-life.de\/wp-content\/uploads\/2020\/04\/20190811_185901-300x225.jpg 300w, https:\/\/our-better-life.de\/wp-content\/uploads\/2020\/04\/20190811_185901-1024x768.jpg 1024w, https:\/\/our-better-life.de\/wp-content\/uploads\/2020\/04\/20190811_185901-768x576.jpg 768w, https:\/\/our-better-life.de\/wp-content\/uploads\/2020\/04\/20190811_185901-1536x1152.jpg 1536w, https:\/\/our-better-life.de\/wp-content\/uploads\/2020\/04\/20190811_185901-2048x1536.jpg 2048w\" sizes=\"auto, (max-width: 300px) 100vw, 300px\" \/> <img loading=\"lazy\" decoding=\"async\" class=\"alignnone size-medium wp-image-123\" src=\"http:\/\/our-better-life.de\/wp-content\/uploads\/2020\/04\/20190826_094354-300x225.jpg\" alt=\"\" width=\"300\" height=\"225\" srcset=\"https:\/\/our-better-life.de\/wp-content\/uploads\/2020\/04\/20190826_094354-300x225.jpg 300w, https:\/\/our-better-life.de\/wp-content\/uploads\/2020\/04\/20190826_094354-1024x768.jpg 1024w, https:\/\/our-better-life.de\/wp-content\/uploads\/2020\/04\/20190826_094354-768x576.jpg 768w, https:\/\/our-better-life.de\/wp-content\/uploads\/2020\/04\/20190826_094354-1536x1152.jpg 1536w, https:\/\/our-better-life.de\/wp-content\/uploads\/2020\/04\/20190826_094354-2048x1536.jpg 2048w\" sizes=\"auto, (max-width: 300px) 100vw, 300px\" \/> <img loading=\"lazy\" decoding=\"async\" class=\"alignnone size-medium wp-image-131\" src=\"http:\/\/our-better-life.de\/wp-content\/uploads\/2020\/04\/20200117_092244-scaled-e1586961862503-225x300.jpg\" alt=\"\" width=\"225\" height=\"300\" srcset=\"https:\/\/our-better-life.de\/wp-content\/uploads\/2020\/04\/20200117_092244-scaled-e1586961862503-225x300.jpg 225w, https:\/\/our-better-life.de\/wp-content\/uploads\/2020\/04\/20200117_092244-scaled-e1586961862503-768x1024.jpg 768w, https:\/\/our-better-life.de\/wp-content\/uploads\/2020\/04\/20200117_092244-scaled-e1586961862503-1152x1536.jpg 1152w, https:\/\/our-better-life.de\/wp-content\/uploads\/2020\/04\/20200117_092244-scaled-e1586961862503-1536x2048.jpg 1536w, https:\/\/our-better-life.de\/wp-content\/uploads\/2020\/04\/20200117_092244-scaled-e1586961862503.jpg 1920w\" sizes=\"auto, (max-width: 225px) 100vw, 225px\" \/><\/p>\n","protected":false},"excerpt":{"rendered":"<p>Neben den n\u00fctzlichen Gegenst\u00e4nden kann man auch sch\u00f6ne Dinge filzen. Auf den folgenden Fotos seht Ihr Blumen und Bilder, die in der s.g. nass gefilzt sind. Die &#8222;Steine&#8220; und Figuren habe ich mit der Nadel (trocken) gefilzt.<\/p>\n","protected":false},"author":2,"featured_media":0,"parent":163,"menu_order":0,"comment_status":"closed","ping_status":"closed","template":"","meta":{"footnotes":""},"class_list":["post-293","page","type-page","status-publish","hentry"],"_links":{"self":[{"href":"https:\/\/our-better-life.de\/index.php?rest_route=\/wp\/v2\/pages\/293","targetHints":{"allow":["GET"]}}],"collection":[{"href":"https:\/\/our-better-life.de\/index.php?rest_route=\/wp\/v2\/pages"}],"about":[{"href":"https:\/\/our-better-life.de\/index.php?rest_route=\/wp\/v2\/types\/page"}],"author":[{"embeddable":true,"href":"https:\/\/our-better-life.de\/index.php?rest_route=\/wp\/v2\/users\/2"}],"replies":[{"embeddable":true,"href":"https:\/\/our-better-life.de\/index.php?rest_route=%2Fwp%2Fv2%2Fcomments&post=293"}],"version-history":[{"count":1,"href":"https:\/\/our-better-life.de\/index.php?rest_route=\/wp\/v2\/pages\/293\/revisions"}],"predecessor-version":[{"id":294,"href":"https:\/\/our-better-life.de\/index.php?rest_route=\/wp\/v2\/pages\/293\/revisions\/294"}],"up":[{"embeddable":true,"href":"https:\/\/our-better-life.de\/index.php?rest_route=\/wp\/v2\/pages\/163"}],"wp:attachment":[{"href":"https:\/\/our-better-life.de\/index.php?rest_route=%2Fwp%2Fv2%2Fmedia&parent=293"}],"curies":[{"name":"wp","href":"https:\/\/api.w.org\/{rel}","templated":true}]}}