{"id":295,"date":"2020-04-20T14:30:11","date_gmt":"2020-04-20T14:30:11","guid":{"rendered":"http:\/\/our-better-life.de\/?page_id=295"},"modified":"2020-04-21T11:19:42","modified_gmt":"2020-04-21T11:19:42","slug":"haushaltsgegenstaende","status":"publish","type":"page","link":"https:\/\/our-better-life.de\/?page_id=295","title":{"rendered":"Haushaltsgegenst\u00e4nde"},"content":{"rendered":"<p>Man kann nat\u00fcrlich auch Dinge des t\u00e4glichen Gebrauchs aus Wolle filzen.<\/p>\n<p>Die Beispiele auf den folgenden Bildern wurden gestrickt und anschlie\u00dfend in der Waschmaschine gefilzt.<\/p>\n<p><img loading=\"lazy\" decoding=\"async\" class=\"alignnone size-medium wp-image-285\" src=\"http:\/\/our-better-life.de\/wp-content\/uploads\/2020\/04\/20180909_124319_001-300x225.jpg\" alt=\"\" width=\"300\" height=\"225\" srcset=\"https:\/\/our-better-life.de\/wp-content\/uploads\/2020\/04\/20180909_124319_001-300x225.jpg 300w, https:\/\/our-better-life.de\/wp-content\/uploads\/2020\/04\/20180909_124319_001-1024x768.jpg 1024w, https:\/\/our-better-life.de\/wp-content\/uploads\/2020\/04\/20180909_124319_001-768x576.jpg 768w, https:\/\/our-better-life.de\/wp-content\/uploads\/2020\/04\/20180909_124319_001-1536x1152.jpg 1536w, https:\/\/our-better-life.de\/wp-content\/uploads\/2020\/04\/20180909_124319_001-2048x1536.jpg 2048w\" sizes=\"auto, (max-width: 300px) 100vw, 300px\" \/> <img loading=\"lazy\" decoding=\"async\" class=\"alignnone size-medium wp-image-284\" src=\"http:\/\/our-better-life.de\/wp-content\/uploads\/2020\/04\/20180909_124243-225x300.jpg\" alt=\"\" width=\"225\" height=\"300\" srcset=\"https:\/\/our-better-life.de\/wp-content\/uploads\/2020\/04\/20180909_124243-225x300.jpg 225w, https:\/\/our-better-life.de\/wp-content\/uploads\/2020\/04\/20180909_124243-768x1024.jpg 768w, https:\/\/our-better-life.de\/wp-content\/uploads\/2020\/04\/20180909_124243-1152x1536.jpg 1152w, https:\/\/our-better-life.de\/wp-content\/uploads\/2020\/04\/20180909_124243-1536x2048.jpg 1536w, https:\/\/our-better-life.de\/wp-content\/uploads\/2020\/04\/20180909_124243-scaled.jpg 1920w\" sizes=\"auto, (max-width: 225px) 100vw, 225px\" \/><\/p>\n","protected":false},"excerpt":{"rendered":"<p>Man kann nat\u00fcrlich auch Dinge des t\u00e4glichen Gebrauchs aus Wolle filzen. Die Beispiele auf den folgenden Bildern wurden gestrickt und anschlie\u00dfend in der Waschmaschine gefilzt.<\/p>\n","protected":false},"author":2,"featured_media":0,"parent":163,"menu_order":0,"comment_status":"closed","ping_status":"closed","template":"","meta":{"footnotes":""},"class_list":["post-295","page","type-page","status-publish","hentry"],"_links":{"self":[{"href":"https:\/\/our-better-life.de\/index.php?rest_route=\/wp\/v2\/pages\/295","targetHints":{"allow":["GET"]}}],"collection":[{"href":"https:\/\/our-better-life.de\/index.php?rest_route=\/wp\/v2\/pages"}],"about":[{"href":"https:\/\/our-better-life.de\/index.php?rest_route=\/wp\/v2\/types\/page"}],"author":[{"embeddable":true,"href":"https:\/\/our-better-life.de\/index.php?rest_route=\/wp\/v2\/users\/2"}],"replies":[{"embeddable":true,"href":"https:\/\/our-better-life.de\/index.php?rest_route=%2Fwp%2Fv2%2Fcomments&post=295"}],"version-history":[{"count":1,"href":"https:\/\/our-better-life.de\/index.php?rest_route=\/wp\/v2\/pages\/295\/revisions"}],"predecessor-version":[{"id":296,"href":"https:\/\/our-better-life.de\/index.php?rest_route=\/wp\/v2\/pages\/295\/revisions\/296"}],"up":[{"embeddable":true,"href":"https:\/\/our-better-life.de\/index.php?rest_route=\/wp\/v2\/pages\/163"}],"wp:attachment":[{"href":"https:\/\/our-better-life.de\/index.php?rest_route=%2Fwp%2Fv2%2Fmedia&parent=295"}],"curies":[{"name":"wp","href":"https:\/\/api.w.org\/{rel}","templated":true}]}}