{"id":297,"date":"2020-04-21T12:46:13","date_gmt":"2020-04-21T12:46:13","guid":{"rendered":"http:\/\/our-better-life.de\/?page_id=297"},"modified":"2020-04-21T12:57:18","modified_gmt":"2020-04-21T12:57:18","slug":"island-2019","status":"publish","type":"page","link":"https:\/\/our-better-life.de\/?page_id=297","title":{"rendered":"Island 2019"},"content":{"rendered":"<p>Irgendwie hatten wir f\u00fcr die geplante Urlaubszeit in Schottland keine freien Unterk\u00fcnfte in &#8222;unserer&#8220; Region gefunden. &#8211; Daher musste eine Alternative her.<\/p>\n<p>Wir haben gesucht und gefunden: ISLAND<\/p>\n<p>Das Land liegt im Norden, es ist vom Atlantik umgeben und Ende Mai\/Anfang Juni ist noch keine Touristensaison.<\/p>\n<p>Nachdem Rainers Knie-OP am Abflugtag exakt 3 Monate zur\u00fccklag, war klar, dass wir keine ausgedehnten Wanderungen unternehmen konnten. &#8211; Aber mit dem Auto konnten wir viele traumhafte Pl\u00e4tze erreichen. Allein die Fahrt zu unseren Tageszielen war traumhaft.<\/p>\n<p>Claudia hatte auf jeden Fall viel Spa\u00df am Autofahren. Wir waren rund 2000 km auf Schotterpisten unterwegs. Das ist mit einem gel\u00e4ndetauglichen Fahrzeug Fahrspa\u00df pur. Die Isl\u00e4nder erlauben n\u00e4mlich auf den Schotterpiste Geschwindigkeiten bis zu 80 km\/h.<\/p>\n<p>Daher haben wir auch &#8211; wie wir die meisten Urlaube planen &#8211; 2 Unterk\u00fcnfte f\u00fcr je eine Woche gefunden, von denen aus wir ausgedehnte Tagestouren unternehmen konnten.<\/p>\n<p>F\u00fcr diesen ersten Islandbesuch haben wir uns auf die Westfjorde und auf das Gebiet Snaefellsness und das Gebiet \u00f6stlich von Borgarnes sowie rund um den See Skorradalsvatn konzentriert.<\/p>\n<p>Die erste Unterkunft (in der N\u00e4he von Isafj\u00f6rdur) war ok, hat uns aber nicht wirklich begeistert hat aber seinen Zweck als Basislager erf\u00fcllt.<\/p>\n<p>In der ersten Woche haben wir die Westfjorde erfahren, konnten zum ersten Mal im Wasser einer hei\u00dfen Quelle baden, haben den gigantischen Wasserfall Dynjandi besucht, eine Walfahrt mitgemacht und unsere ersten Buckelwale gesehen und Landschaft, Landschaft, Landschaft.<\/p>\n<p>Fast waren wir ein bisschen traurig, dass wir den \u00e4u\u00dfersten Nordwesten verlassen mussten. Aber als wir unsere zweite Unterkunft gesehen haben, waren wir schon mit allem vers\u00f6hnt was da evtl. noch kommen mag. &#8211; Es war eine traumhafte H\u00fctte an einem Berghang (96 Stufen von der Stra\u00dfe bis zur Haust\u00fcr) mit Blick auf den See. Es handelte sich um das Wochenendhaus einer Familie aus Reykjavic, die dieses Holzhaus zu einem kleinen gem\u00fctlichen Juwel gemacht haben. &#8211; Wir wollten gar nicht wieder weg. \ud83d\ude42<\/p>\n<p>Von dieser Homebase aus haben wir die 3 Mal die Halbinsel Snaefellsness besucht. In der Region durften wir Str\u00e4nde, Lavafelder, den Snaefellsj\u00f6kull, Wale an der Nordk\u00fcste der Halbinsel und einen wundersch\u00f6nen Abend in einer hei\u00dfen Quelle, die wir bei strahlendem Sonnenschein abends um 20:00 Uhr f\u00fcr uns alleine hatten.<\/p>\n<p>Au\u00dferdem haben wir die Bergwelt \u00f6stlich vom Skorradalsvatn erkundet und sind bis an das Eisfeld des Gletschers Langj\u00f6kull. Auf der Fahrt \u00fcber die Schotterpiste haben wir neben dem Genie\u00dfen der Landschaft den Sandsturm der am Fu\u00dfe der Berge riesige Sandwolken vor sich her geschoben hat, beobachtet. Beeindruckend.<\/p>\n<p>Nat\u00fcrlich haben wir auch DIE Touristen-Ziele, den Geysir und den gigantischen Wasserfall Gullfoss, besucht. &#8211; Sehr beeindruckend.<\/p>\n<p>Zum Abschluss dieser phantastischen Reise haben wir noch die Hauptstadt Reykjavik besucht, die uns bei sommerlichen Temperaturen von ihrer sch\u00f6nsten Seite gezeigt hat. Und auf dem R\u00fcckweg nach Keflavik sind wir durch das Gebiet Reykjanesfolkvangur mit seinen Lawafeldern und Geothermiefelder gefahren.<\/p>\n<p>Das Fazit nach diesen 2 Wochen: Island ist traumhaft sch\u00f6n, einzigartig und wir kommen wieder.<\/p>\n<p>&nbsp;<\/p>\n<p><img loading=\"lazy\" decoding=\"async\" class=\"alignnone wp-image-322\" src=\"http:\/\/our-better-life.de\/wp-content\/uploads\/2020\/04\/20190606_181653-300x225.jpg\" alt=\"\" width=\"300\" height=\"225\" srcset=\"https:\/\/our-better-life.de\/wp-content\/uploads\/2020\/04\/20190606_181653-300x225.jpg 300w, https:\/\/our-better-life.de\/wp-content\/uploads\/2020\/04\/20190606_181653-1024x768.jpg 1024w, https:\/\/our-better-life.de\/wp-content\/uploads\/2020\/04\/20190606_181653-768x576.jpg 768w, https:\/\/our-better-life.de\/wp-content\/uploads\/2020\/04\/20190606_181653-1536x1152.jpg 1536w, https:\/\/our-better-life.de\/wp-content\/uploads\/2020\/04\/20190606_181653-2048x1536.jpg 2048w\" sizes=\"auto, (max-width: 300px) 100vw, 300px\" \/> <img loading=\"lazy\" decoding=\"async\" class=\"alignnone size-medium wp-image-321\" src=\"http:\/\/our-better-life.de\/wp-content\/uploads\/2020\/04\/20190606_133612-300x225.jpg\" alt=\"\" width=\"300\" height=\"225\" srcset=\"https:\/\/our-better-life.de\/wp-content\/uploads\/2020\/04\/20190606_133612-300x225.jpg 300w, https:\/\/our-better-life.de\/wp-content\/uploads\/2020\/04\/20190606_133612-1024x768.jpg 1024w, https:\/\/our-better-life.de\/wp-content\/uploads\/2020\/04\/20190606_133612-768x576.jpg 768w, https:\/\/our-better-life.de\/wp-content\/uploads\/2020\/04\/20190606_133612-1536x1152.jpg 1536w, https:\/\/our-better-life.de\/wp-content\/uploads\/2020\/04\/20190606_133612-2048x1536.jpg 2048w\" sizes=\"auto, (max-width: 300px) 100vw, 300px\" \/> <img loading=\"lazy\" decoding=\"async\" class=\"alignnone size-medium wp-image-320\" src=\"http:\/\/our-better-life.de\/wp-content\/uploads\/2020\/04\/20190606_121018-225x300.jpg\" alt=\"\" width=\"225\" height=\"300\" srcset=\"https:\/\/our-better-life.de\/wp-content\/uploads\/2020\/04\/20190606_121018-225x300.jpg 225w, https:\/\/our-better-life.de\/wp-content\/uploads\/2020\/04\/20190606_121018-768x1024.jpg 768w, https:\/\/our-better-life.de\/wp-content\/uploads\/2020\/04\/20190606_121018-1152x1536.jpg 1152w, https:\/\/our-better-life.de\/wp-content\/uploads\/2020\/04\/20190606_121018-1536x2048.jpg 1536w, https:\/\/our-better-life.de\/wp-content\/uploads\/2020\/04\/20190606_121018-scaled.jpg 1920w\" sizes=\"auto, (max-width: 225px) 100vw, 225px\" \/> <img loading=\"lazy\" decoding=\"async\" class=\"alignnone size-medium wp-image-319\" src=\"http:\/\/our-better-life.de\/wp-content\/uploads\/2020\/04\/20190606_121017-225x300.jpg\" alt=\"\" width=\"225\" height=\"300\" srcset=\"https:\/\/our-better-life.de\/wp-content\/uploads\/2020\/04\/20190606_121017-225x300.jpg 225w, https:\/\/our-better-life.de\/wp-content\/uploads\/2020\/04\/20190606_121017-768x1024.jpg 768w, https:\/\/our-better-life.de\/wp-content\/uploads\/2020\/04\/20190606_121017-1152x1536.jpg 1152w, https:\/\/our-better-life.de\/wp-content\/uploads\/2020\/04\/20190606_121017-1536x2048.jpg 1536w, https:\/\/our-better-life.de\/wp-content\/uploads\/2020\/04\/20190606_121017-scaled.jpg 1920w\" sizes=\"auto, (max-width: 225px) 100vw, 225px\" \/> <img loading=\"lazy\" decoding=\"async\" class=\"alignnone size-medium wp-image-318\" src=\"http:\/\/our-better-life.de\/wp-content\/uploads\/2020\/04\/20190606_121016-225x300.jpg\" alt=\"\" width=\"225\" height=\"300\" srcset=\"https:\/\/our-better-life.de\/wp-content\/uploads\/2020\/04\/20190606_121016-225x300.jpg 225w, https:\/\/our-better-life.de\/wp-content\/uploads\/2020\/04\/20190606_121016-768x1024.jpg 768w, https:\/\/our-better-life.de\/wp-content\/uploads\/2020\/04\/20190606_121016-1152x1536.jpg 1152w, https:\/\/our-better-life.de\/wp-content\/uploads\/2020\/04\/20190606_121016-1536x2048.jpg 1536w, https:\/\/our-better-life.de\/wp-content\/uploads\/2020\/04\/20190606_121016-scaled.jpg 1920w\" sizes=\"auto, (max-width: 225px) 100vw, 225px\" \/> <img loading=\"lazy\" decoding=\"async\" class=\"alignnone size-medium wp-image-317\" src=\"http:\/\/our-better-life.de\/wp-content\/uploads\/2020\/04\/20190605_143208-300x225.jpg\" alt=\"\" width=\"300\" height=\"225\" srcset=\"https:\/\/our-better-life.de\/wp-content\/uploads\/2020\/04\/20190605_143208-300x225.jpg 300w, https:\/\/our-better-life.de\/wp-content\/uploads\/2020\/04\/20190605_143208-1024x768.jpg 1024w, https:\/\/our-better-life.de\/wp-content\/uploads\/2020\/04\/20190605_143208-768x576.jpg 768w, https:\/\/our-better-life.de\/wp-content\/uploads\/2020\/04\/20190605_143208-1536x1152.jpg 1536w, https:\/\/our-better-life.de\/wp-content\/uploads\/2020\/04\/20190605_143208-2048x1536.jpg 2048w\" sizes=\"auto, (max-width: 300px) 100vw, 300px\" \/> <img loading=\"lazy\" decoding=\"async\" class=\"alignnone size-medium wp-image-316\" src=\"http:\/\/our-better-life.de\/wp-content\/uploads\/2020\/04\/20190603_150315-300x225.jpg\" alt=\"\" width=\"300\" height=\"225\" srcset=\"https:\/\/our-better-life.de\/wp-content\/uploads\/2020\/04\/20190603_150315-300x225.jpg 300w, https:\/\/our-better-life.de\/wp-content\/uploads\/2020\/04\/20190603_150315-1024x768.jpg 1024w, https:\/\/our-better-life.de\/wp-content\/uploads\/2020\/04\/20190603_150315-768x576.jpg 768w, https:\/\/our-better-life.de\/wp-content\/uploads\/2020\/04\/20190603_150315-1536x1152.jpg 1536w, https:\/\/our-better-life.de\/wp-content\/uploads\/2020\/04\/20190603_150315-2048x1536.jpg 2048w\" sizes=\"auto, (max-width: 300px) 100vw, 300px\" \/> <img loading=\"lazy\" decoding=\"async\" class=\"alignnone size-medium wp-image-315\" src=\"http:\/\/our-better-life.de\/wp-content\/uploads\/2020\/04\/20190603_140728-300x225.jpg\" alt=\"\" width=\"300\" height=\"225\" srcset=\"https:\/\/our-better-life.de\/wp-content\/uploads\/2020\/04\/20190603_140728-300x225.jpg 300w, https:\/\/our-better-life.de\/wp-content\/uploads\/2020\/04\/20190603_140728-1024x768.jpg 1024w, https:\/\/our-better-life.de\/wp-content\/uploads\/2020\/04\/20190603_140728-768x576.jpg 768w, https:\/\/our-better-life.de\/wp-content\/uploads\/2020\/04\/20190603_140728-1536x1152.jpg 1536w, https:\/\/our-better-life.de\/wp-content\/uploads\/2020\/04\/20190603_140728-2048x1536.jpg 2048w\" sizes=\"auto, (max-width: 300px) 100vw, 300px\" \/> <img loading=\"lazy\" decoding=\"async\" class=\"alignnone size-medium wp-image-314\" src=\"http:\/\/our-better-life.de\/wp-content\/uploads\/2020\/04\/20190603_132032-300x225.jpg\" alt=\"\" width=\"300\" height=\"225\" srcset=\"https:\/\/our-better-life.de\/wp-content\/uploads\/2020\/04\/20190603_132032-300x225.jpg 300w, https:\/\/our-better-life.de\/wp-content\/uploads\/2020\/04\/20190603_132032-1024x768.jpg 1024w, https:\/\/our-better-life.de\/wp-content\/uploads\/2020\/04\/20190603_132032-768x576.jpg 768w, https:\/\/our-better-life.de\/wp-content\/uploads\/2020\/04\/20190603_132032-1536x1152.jpg 1536w, https:\/\/our-better-life.de\/wp-content\/uploads\/2020\/04\/20190603_132032-2048x1536.jpg 2048w\" sizes=\"auto, (max-width: 300px) 100vw, 300px\" \/> <img loading=\"lazy\" decoding=\"async\" class=\"alignnone size-medium wp-image-313\" src=\"http:\/\/our-better-life.de\/wp-content\/uploads\/2020\/04\/20190603_131438-300x225.jpg\" alt=\"\" width=\"300\" height=\"225\" srcset=\"https:\/\/our-better-life.de\/wp-content\/uploads\/2020\/04\/20190603_131438-300x225.jpg 300w, https:\/\/our-better-life.de\/wp-content\/uploads\/2020\/04\/20190603_131438-1024x768.jpg 1024w, https:\/\/our-better-life.de\/wp-content\/uploads\/2020\/04\/20190603_131438-768x576.jpg 768w, https:\/\/our-better-life.de\/wp-content\/uploads\/2020\/04\/20190603_131438-1536x1152.jpg 1536w, https:\/\/our-better-life.de\/wp-content\/uploads\/2020\/04\/20190603_131438-2048x1536.jpg 2048w\" sizes=\"auto, (max-width: 300px) 100vw, 300px\" \/> <img loading=\"lazy\" decoding=\"async\" class=\"alignnone size-medium wp-image-312\" src=\"http:\/\/our-better-life.de\/wp-content\/uploads\/2020\/04\/20190601_200812-300x225.jpg\" alt=\"\" width=\"300\" height=\"225\" srcset=\"https:\/\/our-better-life.de\/wp-content\/uploads\/2020\/04\/20190601_200812-300x225.jpg 300w, https:\/\/our-better-life.de\/wp-content\/uploads\/2020\/04\/20190601_200812-1024x768.jpg 1024w, https:\/\/our-better-life.de\/wp-content\/uploads\/2020\/04\/20190601_200812-768x576.jpg 768w, https:\/\/our-better-life.de\/wp-content\/uploads\/2020\/04\/20190601_200812-1536x1152.jpg 1536w, https:\/\/our-better-life.de\/wp-content\/uploads\/2020\/04\/20190601_200812-2048x1536.jpg 2048w\" sizes=\"auto, (max-width: 300px) 100vw, 300px\" \/> <img loading=\"lazy\" decoding=\"async\" class=\"alignnone size-medium wp-image-311\" src=\"http:\/\/our-better-life.de\/wp-content\/uploads\/2020\/04\/20190531_153243-300x225.jpg\" alt=\"\" width=\"300\" height=\"225\" srcset=\"https:\/\/our-better-life.de\/wp-content\/uploads\/2020\/04\/20190531_153243-300x225.jpg 300w, https:\/\/our-better-life.de\/wp-content\/uploads\/2020\/04\/20190531_153243-1024x768.jpg 1024w, https:\/\/our-better-life.de\/wp-content\/uploads\/2020\/04\/20190531_153243-768x576.jpg 768w, https:\/\/our-better-life.de\/wp-content\/uploads\/2020\/04\/20190531_153243-1536x1152.jpg 1536w, https:\/\/our-better-life.de\/wp-content\/uploads\/2020\/04\/20190531_153243-2048x1536.jpg 2048w\" sizes=\"auto, (max-width: 300px) 100vw, 300px\" \/> <img loading=\"lazy\" decoding=\"async\" class=\"alignnone size-medium wp-image-310\" src=\"http:\/\/our-better-life.de\/wp-content\/uploads\/2020\/04\/20190531_142911-300x225.jpg\" alt=\"\" width=\"300\" height=\"225\" srcset=\"https:\/\/our-better-life.de\/wp-content\/uploads\/2020\/04\/20190531_142911-300x225.jpg 300w, https:\/\/our-better-life.de\/wp-content\/uploads\/2020\/04\/20190531_142911-1024x768.jpg 1024w, https:\/\/our-better-life.de\/wp-content\/uploads\/2020\/04\/20190531_142911-768x576.jpg 768w, https:\/\/our-better-life.de\/wp-content\/uploads\/2020\/04\/20190531_142911-1536x1152.jpg 1536w, https:\/\/our-better-life.de\/wp-content\/uploads\/2020\/04\/20190531_142911-2048x1536.jpg 2048w\" sizes=\"auto, (max-width: 300px) 100vw, 300px\" \/> <img loading=\"lazy\" decoding=\"async\" class=\"alignnone size-medium wp-image-309\" src=\"http:\/\/our-better-life.de\/wp-content\/uploads\/2020\/04\/20190531_142823-300x225.jpg\" alt=\"\" width=\"300\" height=\"225\" srcset=\"https:\/\/our-better-life.de\/wp-content\/uploads\/2020\/04\/20190531_142823-300x225.jpg 300w, https:\/\/our-better-life.de\/wp-content\/uploads\/2020\/04\/20190531_142823-1024x768.jpg 1024w, https:\/\/our-better-life.de\/wp-content\/uploads\/2020\/04\/20190531_142823-768x576.jpg 768w, https:\/\/our-better-life.de\/wp-content\/uploads\/2020\/04\/20190531_142823-1536x1152.jpg 1536w, https:\/\/our-better-life.de\/wp-content\/uploads\/2020\/04\/20190531_142823-2048x1536.jpg 2048w\" sizes=\"auto, (max-width: 300px) 100vw, 300px\" \/> <img loading=\"lazy\" decoding=\"async\" class=\"alignnone size-medium wp-image-308\" src=\"http:\/\/our-better-life.de\/wp-content\/uploads\/2020\/04\/20190531_113820-300x225.jpg\" alt=\"\" width=\"300\" height=\"225\" srcset=\"https:\/\/our-better-life.de\/wp-content\/uploads\/2020\/04\/20190531_113820-300x225.jpg 300w, https:\/\/our-better-life.de\/wp-content\/uploads\/2020\/04\/20190531_113820-1024x768.jpg 1024w, https:\/\/our-better-life.de\/wp-content\/uploads\/2020\/04\/20190531_113820-768x576.jpg 768w, https:\/\/our-better-life.de\/wp-content\/uploads\/2020\/04\/20190531_113820-1536x1152.jpg 1536w, https:\/\/our-better-life.de\/wp-content\/uploads\/2020\/04\/20190531_113820-2048x1536.jpg 2048w\" sizes=\"auto, (max-width: 300px) 100vw, 300px\" \/> <img loading=\"lazy\" decoding=\"async\" class=\"alignnone size-medium wp-image-307\" src=\"http:\/\/our-better-life.de\/wp-content\/uploads\/2020\/04\/20190531_112740-300x225.jpg\" alt=\"\" width=\"300\" height=\"225\" srcset=\"https:\/\/our-better-life.de\/wp-content\/uploads\/2020\/04\/20190531_112740-300x225.jpg 300w, https:\/\/our-better-life.de\/wp-content\/uploads\/2020\/04\/20190531_112740-1024x768.jpg 1024w, https:\/\/our-better-life.de\/wp-content\/uploads\/2020\/04\/20190531_112740-768x576.jpg 768w, https:\/\/our-better-life.de\/wp-content\/uploads\/2020\/04\/20190531_112740-1536x1152.jpg 1536w, https:\/\/our-better-life.de\/wp-content\/uploads\/2020\/04\/20190531_112740-2048x1536.jpg 2048w\" sizes=\"auto, (max-width: 300px) 100vw, 300px\" \/> <img loading=\"lazy\" decoding=\"async\" class=\"alignnone size-medium wp-image-306\" src=\"http:\/\/our-better-life.de\/wp-content\/uploads\/2020\/04\/20190530_000140-300x225.jpg\" alt=\"\" width=\"300\" height=\"225\" srcset=\"https:\/\/our-better-life.de\/wp-content\/uploads\/2020\/04\/20190530_000140-300x225.jpg 300w, https:\/\/our-better-life.de\/wp-content\/uploads\/2020\/04\/20190530_000140-1024x768.jpg 1024w, https:\/\/our-better-life.de\/wp-content\/uploads\/2020\/04\/20190530_000140-768x576.jpg 768w, https:\/\/our-better-life.de\/wp-content\/uploads\/2020\/04\/20190530_000140-1536x1152.jpg 1536w, https:\/\/our-better-life.de\/wp-content\/uploads\/2020\/04\/20190530_000140-2048x1536.jpg 2048w\" sizes=\"auto, (max-width: 300px) 100vw, 300px\" \/> <img loading=\"lazy\" decoding=\"async\" class=\"alignnone size-medium wp-image-305\" src=\"http:\/\/our-better-life.de\/wp-content\/uploads\/2020\/04\/20190529_155415-300x225.jpg\" alt=\"\" width=\"300\" height=\"225\" srcset=\"https:\/\/our-better-life.de\/wp-content\/uploads\/2020\/04\/20190529_155415-300x225.jpg 300w, https:\/\/our-better-life.de\/wp-content\/uploads\/2020\/04\/20190529_155415-1024x768.jpg 1024w, https:\/\/our-better-life.de\/wp-content\/uploads\/2020\/04\/20190529_155415-768x576.jpg 768w, https:\/\/our-better-life.de\/wp-content\/uploads\/2020\/04\/20190529_155415-1536x1152.jpg 1536w, https:\/\/our-better-life.de\/wp-content\/uploads\/2020\/04\/20190529_155415-2048x1536.jpg 2048w\" sizes=\"auto, (max-width: 300px) 100vw, 300px\" \/> <img loading=\"lazy\" decoding=\"async\" class=\"alignnone size-medium wp-image-304\" src=\"http:\/\/our-better-life.de\/wp-content\/uploads\/2020\/04\/20190529_152007-300x225.jpg\" alt=\"\" width=\"300\" height=\"225\" srcset=\"https:\/\/our-better-life.de\/wp-content\/uploads\/2020\/04\/20190529_152007-300x225.jpg 300w, https:\/\/our-better-life.de\/wp-content\/uploads\/2020\/04\/20190529_152007-1024x768.jpg 1024w, https:\/\/our-better-life.de\/wp-content\/uploads\/2020\/04\/20190529_152007-768x576.jpg 768w, https:\/\/our-better-life.de\/wp-content\/uploads\/2020\/04\/20190529_152007-1536x1152.jpg 1536w, https:\/\/our-better-life.de\/wp-content\/uploads\/2020\/04\/20190529_152007-2048x1536.jpg 2048w\" sizes=\"auto, (max-width: 300px) 100vw, 300px\" \/> <img loading=\"lazy\" decoding=\"async\" class=\"alignnone size-medium wp-image-303\" src=\"http:\/\/our-better-life.de\/wp-content\/uploads\/2020\/04\/20190529_144124-300x225.jpg\" alt=\"\" width=\"300\" height=\"225\" srcset=\"https:\/\/our-better-life.de\/wp-content\/uploads\/2020\/04\/20190529_144124-300x225.jpg 300w, https:\/\/our-better-life.de\/wp-content\/uploads\/2020\/04\/20190529_144124-1024x768.jpg 1024w, https:\/\/our-better-life.de\/wp-content\/uploads\/2020\/04\/20190529_144124-768x576.jpg 768w, https:\/\/our-better-life.de\/wp-content\/uploads\/2020\/04\/20190529_144124-1536x1152.jpg 1536w, https:\/\/our-better-life.de\/wp-content\/uploads\/2020\/04\/20190529_144124-2048x1536.jpg 2048w\" sizes=\"auto, (max-width: 300px) 100vw, 300px\" \/> <img loading=\"lazy\" decoding=\"async\" class=\"alignnone size-medium wp-image-302\" src=\"http:\/\/our-better-life.de\/wp-content\/uploads\/2020\/04\/20190527_120749-225x300.jpg\" alt=\"\" width=\"225\" height=\"300\" srcset=\"https:\/\/our-better-life.de\/wp-content\/uploads\/2020\/04\/20190527_120749-225x300.jpg 225w, https:\/\/our-better-life.de\/wp-content\/uploads\/2020\/04\/20190527_120749-768x1024.jpg 768w, https:\/\/our-better-life.de\/wp-content\/uploads\/2020\/04\/20190527_120749-1152x1536.jpg 1152w, https:\/\/our-better-life.de\/wp-content\/uploads\/2020\/04\/20190527_120749-1536x2048.jpg 1536w, https:\/\/our-better-life.de\/wp-content\/uploads\/2020\/04\/20190527_120749-scaled.jpg 1920w\" sizes=\"auto, (max-width: 225px) 100vw, 225px\" \/> <img loading=\"lazy\" decoding=\"async\" class=\"alignnone size-medium wp-image-301\" src=\"http:\/\/our-better-life.de\/wp-content\/uploads\/2020\/04\/20190527_115232-300x225.jpg\" alt=\"\" width=\"300\" height=\"225\" srcset=\"https:\/\/our-better-life.de\/wp-content\/uploads\/2020\/04\/20190527_115232-300x225.jpg 300w, https:\/\/our-better-life.de\/wp-content\/uploads\/2020\/04\/20190527_115232-1024x768.jpg 1024w, https:\/\/our-better-life.de\/wp-content\/uploads\/2020\/04\/20190527_115232-768x576.jpg 768w, https:\/\/our-better-life.de\/wp-content\/uploads\/2020\/04\/20190527_115232-1536x1152.jpg 1536w, https:\/\/our-better-life.de\/wp-content\/uploads\/2020\/04\/20190527_115232-2048x1536.jpg 2048w\" sizes=\"auto, (max-width: 300px) 100vw, 300px\" \/> <img loading=\"lazy\" decoding=\"async\" class=\"alignnone size-medium wp-image-300\" src=\"http:\/\/our-better-life.de\/wp-content\/uploads\/2020\/04\/20190527_114035-300x225.jpg\" alt=\"\" width=\"300\" height=\"225\" srcset=\"https:\/\/our-better-life.de\/wp-content\/uploads\/2020\/04\/20190527_114035-300x225.jpg 300w, https:\/\/our-better-life.de\/wp-content\/uploads\/2020\/04\/20190527_114035-1024x768.jpg 1024w, https:\/\/our-better-life.de\/wp-content\/uploads\/2020\/04\/20190527_114035-768x576.jpg 768w, https:\/\/our-better-life.de\/wp-content\/uploads\/2020\/04\/20190527_114035-1536x1152.jpg 1536w, https:\/\/our-better-life.de\/wp-content\/uploads\/2020\/04\/20190527_114035-2048x1536.jpg 2048w\" sizes=\"auto, (max-width: 300px) 100vw, 300px\" \/> <img loading=\"lazy\" decoding=\"async\" class=\"alignnone size-medium wp-image-299\" src=\"http:\/\/our-better-life.de\/wp-content\/uploads\/2020\/04\/20190527_113448-225x300.jpg\" alt=\"\" width=\"225\" height=\"300\" srcset=\"https:\/\/our-better-life.de\/wp-content\/uploads\/2020\/04\/20190527_113448-225x300.jpg 225w, https:\/\/our-better-life.de\/wp-content\/uploads\/2020\/04\/20190527_113448-768x1024.jpg 768w, https:\/\/our-better-life.de\/wp-content\/uploads\/2020\/04\/20190527_113448-1152x1536.jpg 1152w, https:\/\/our-better-life.de\/wp-content\/uploads\/2020\/04\/20190527_113448-1536x2048.jpg 1536w, https:\/\/our-better-life.de\/wp-content\/uploads\/2020\/04\/20190527_113448-scaled.jpg 1920w\" sizes=\"auto, (max-width: 225px) 100vw, 225px\" \/><\/p>\n<p>&nbsp;<\/p>\n<p>&nbsp;<\/p>\n<p>&nbsp;<\/p>\n","protected":false},"excerpt":{"rendered":"<p>Irgendwie hatten wir f\u00fcr die geplante Urlaubszeit in Schottland keine freien Unterk\u00fcnfte in &#8222;unserer&#8220; Region gefunden. &#8211; Daher musste eine Alternative her. Wir haben gesucht und gefunden: ISLAND Das Land liegt im Norden, es ist vom Atlantik umgeben und Ende<\/p>\n","protected":false},"author":2,"featured_media":0,"parent":46,"menu_order":0,"comment_status":"closed","ping_status":"closed","template":"","meta":{"footnotes":""},"class_list":["post-297","page","type-page","status-publish","hentry"],"_links":{"self":[{"href":"https:\/\/our-better-life.de\/index.php?rest_route=\/wp\/v2\/pages\/297","targetHints":{"allow":["GET"]}}],"collection":[{"href":"https:\/\/our-better-life.de\/index.php?rest_route=\/wp\/v2\/pages"}],"about":[{"href":"https:\/\/our-better-life.de\/index.php?rest_route=\/wp\/v2\/types\/page"}],"author":[{"embeddable":true,"href":"https:\/\/our-better-life.de\/index.php?rest_route=\/wp\/v2\/users\/2"}],"replies":[{"embeddable":true,"href":"https:\/\/our-better-life.de\/index.php?rest_route=%2Fwp%2Fv2%2Fcomments&post=297"}],"version-history":[{"count":3,"href":"https:\/\/our-better-life.de\/index.php?rest_route=\/wp\/v2\/pages\/297\/revisions"}],"predecessor-version":[{"id":324,"href":"https:\/\/our-better-life.de\/index.php?rest_route=\/wp\/v2\/pages\/297\/revisions\/324"}],"up":[{"embeddable":true,"href":"https:\/\/our-better-life.de\/index.php?rest_route=\/wp\/v2\/pages\/46"}],"wp:attachment":[{"href":"https:\/\/our-better-life.de\/index.php?rest_route=%2Fwp%2Fv2%2Fmedia&parent=297"}],"curies":[{"name":"wp","href":"https:\/\/api.w.org\/{rel}","templated":true}]}}