{"id":341,"date":"2020-04-28T11:07:56","date_gmt":"2020-04-28T11:07:56","guid":{"rendered":"http:\/\/our-better-life.de\/?page_id=341"},"modified":"2020-04-28T11:07:56","modified_gmt":"2020-04-28T11:07:56","slug":"stricken","status":"publish","type":"page","link":"https:\/\/our-better-life.de\/?page_id=341","title":{"rendered":"Stricken"},"content":{"rendered":"<p>Als Jugendliche hat Claudia viele Pullover und Strickjacken f\u00fcr sich selbst gestrickt. Als dann ihre Tochter Sabrina auf der Welt war gab es nat\u00fcrlich auch noch mal &#8222;so eine Phase&#8220;, aber dann blieben die Stricknadeln in einer Plastikt\u00fcte ganz tief in einer Ecke vergraben und Wolle gab es auch keine mehr im Haushalt.<\/p>\n<p>Vor 2-3 Jahren hat sich das ge\u00e4ndert. Warum: Weil wir uns Gedanken dar\u00fcber gemacht haben, was man alles selbst produzieren kann und was in unser Zukunfts-Konzept passen k\u00f6nnte.<\/p>\n<p>Daraufhin folgte ein Homeware-Projekt nach dem anderen und sogar Pullover und Jacken wurden produziert.<\/p>\n<p>Bei diesen Strickprojekten geht es ausschlie\u00dflich ums Stricken &#8211; hier wird nur dann was ge- bzw. verfilzt, wenn es zu hei\u00df gewaschen wird &#8211; was sehr \u00e4rgerlich w\u00e4re. \ud83d\ude42<\/p>\n<p>Hier ein paar Beispiel-Projekte in Bildern:<\/p>\n<p><img loading=\"lazy\" decoding=\"async\" class=\"alignnone size-medium wp-image-133\" src=\"http:\/\/our-better-life.de\/wp-content\/uploads\/2020\/04\/20200211_094821-225x300.jpg\" alt=\"\" width=\"225\" height=\"300\" srcset=\"https:\/\/our-better-life.de\/wp-content\/uploads\/2020\/04\/20200211_094821-225x300.jpg 225w, https:\/\/our-better-life.de\/wp-content\/uploads\/2020\/04\/20200211_094821-768x1024.jpg 768w, https:\/\/our-better-life.de\/wp-content\/uploads\/2020\/04\/20200211_094821-1152x1536.jpg 1152w, https:\/\/our-better-life.de\/wp-content\/uploads\/2020\/04\/20200211_094821-1536x2048.jpg 1536w, https:\/\/our-better-life.de\/wp-content\/uploads\/2020\/04\/20200211_094821-scaled.jpg 1920w\" sizes=\"auto, (max-width: 225px) 100vw, 225px\" \/> <img loading=\"lazy\" decoding=\"async\" class=\"alignnone size-medium wp-image-130\" src=\"http:\/\/our-better-life.de\/wp-content\/uploads\/2020\/04\/20190826_100737-300x225.jpg\" alt=\"\" width=\"300\" height=\"225\" srcset=\"https:\/\/our-better-life.de\/wp-content\/uploads\/2020\/04\/20190826_100737-300x225.jpg 300w, https:\/\/our-better-life.de\/wp-content\/uploads\/2020\/04\/20190826_100737-1024x768.jpg 1024w, https:\/\/our-better-life.de\/wp-content\/uploads\/2020\/04\/20190826_100737-768x576.jpg 768w, https:\/\/our-better-life.de\/wp-content\/uploads\/2020\/04\/20190826_100737-1536x1152.jpg 1536w, https:\/\/our-better-life.de\/wp-content\/uploads\/2020\/04\/20190826_100737-2048x1536.jpg 2048w\" sizes=\"auto, (max-width: 300px) 100vw, 300px\" \/> <img loading=\"lazy\" decoding=\"async\" class=\"alignnone size-medium wp-image-127\" src=\"http:\/\/our-better-life.de\/wp-content\/uploads\/2020\/04\/20190826_095037-300x225.jpg\" alt=\"\" width=\"300\" height=\"225\" srcset=\"https:\/\/our-better-life.de\/wp-content\/uploads\/2020\/04\/20190826_095037-300x225.jpg 300w, https:\/\/our-better-life.de\/wp-content\/uploads\/2020\/04\/20190826_095037-1024x768.jpg 1024w, https:\/\/our-better-life.de\/wp-content\/uploads\/2020\/04\/20190826_095037-768x576.jpg 768w, https:\/\/our-better-life.de\/wp-content\/uploads\/2020\/04\/20190826_095037-1536x1152.jpg 1536w, https:\/\/our-better-life.de\/wp-content\/uploads\/2020\/04\/20190826_095037-2048x1536.jpg 2048w\" sizes=\"auto, (max-width: 300px) 100vw, 300px\" \/><\/p>\n","protected":false},"excerpt":{"rendered":"<p>Als Jugendliche hat Claudia viele Pullover und Strickjacken f\u00fcr sich selbst gestrickt. Als dann ihre Tochter Sabrina auf der Welt war gab es nat\u00fcrlich auch noch mal &#8222;so eine Phase&#8220;, aber dann blieben die Stricknadeln in einer Plastikt\u00fcte ganz tief<\/p>\n","protected":false},"author":2,"featured_media":0,"parent":80,"menu_order":0,"comment_status":"closed","ping_status":"closed","template":"","meta":{"footnotes":""},"class_list":["post-341","page","type-page","status-publish","hentry"],"_links":{"self":[{"href":"https:\/\/our-better-life.de\/index.php?rest_route=\/wp\/v2\/pages\/341","targetHints":{"allow":["GET"]}}],"collection":[{"href":"https:\/\/our-better-life.de\/index.php?rest_route=\/wp\/v2\/pages"}],"about":[{"href":"https:\/\/our-better-life.de\/index.php?rest_route=\/wp\/v2\/types\/page"}],"author":[{"embeddable":true,"href":"https:\/\/our-better-life.de\/index.php?rest_route=\/wp\/v2\/users\/2"}],"replies":[{"embeddable":true,"href":"https:\/\/our-better-life.de\/index.php?rest_route=%2Fwp%2Fv2%2Fcomments&post=341"}],"version-history":[{"count":1,"href":"https:\/\/our-better-life.de\/index.php?rest_route=\/wp\/v2\/pages\/341\/revisions"}],"predecessor-version":[{"id":342,"href":"https:\/\/our-better-life.de\/index.php?rest_route=\/wp\/v2\/pages\/341\/revisions\/342"}],"up":[{"embeddable":true,"href":"https:\/\/our-better-life.de\/index.php?rest_route=\/wp\/v2\/pages\/80"}],"wp:attachment":[{"href":"https:\/\/our-better-life.de\/index.php?rest_route=%2Fwp%2Fv2%2Fmedia&parent=341"}],"curies":[{"name":"wp","href":"https:\/\/api.w.org\/{rel}","templated":true}]}}