{"id":43,"date":"2017-04-23T16:42:46","date_gmt":"2017-04-23T16:42:46","guid":{"rendered":"http:\/\/our-better-life.de\/?page_id=43"},"modified":"2020-04-20T11:18:12","modified_gmt":"2020-04-20T11:18:12","slug":"kraeuter-und-gemuese","status":"publish","type":"page","link":"https:\/\/our-better-life.de\/?page_id=43","title":{"rendered":"Kraut und R\u00fcben"},"content":{"rendered":"<p>Selbstversorger! Ja, das w\u00e4re genau nach unserem Geschmack.<\/p>\n<p>F\u00fcr Claudia war es als Kind selbstverst\u00e4ndlich, im Sommer in den Garten hinterm Haus zu gehen und irgendetwas, das gerade reif war einfach zu essen. Da gab es neben Kartoffeln, Zwiebeln und Kohlgem\u00fcse (die nat\u00fcrlich nicht zum Naschen geeignet waren) Erdbeeren, Rhabarber, Tomaten, Gurken und M\u00f6hren. &#8211; Und das war alles BIO und musste vor dem Essen nicht mal gewaschen werden.<\/p>\n<p>Wer heute Bio-Gem\u00fcse ohne Verpackung kaufen m\u00f6chte, muss ggf. spezielle Gesch\u00e4fte aufsuchen (was wieder zus\u00e4tzliche Wege erfordert) und dann auch noch mehr daf\u00fcr bezahlen (was ja bei besserer Qualit\u00e4t auch ok ist). Noch sch\u00f6ner ist es aber, wenn man einen gro\u00dfen Teil seines Gem\u00fcsebedarfs selbst anbauen kann. &#8211; We can!!!!<\/p>\n<p>Dank dem Konzept &#8222;M\u00fcnchner Krautg\u00e4rten&#8220; bieten diverse Landwirte Privatpersonen Ackerfl\u00e4che zur Pacht an. 2017 haben wir zum ersten Mal eine Parzelle mit 60 qm gemietet und haben einfach mal losgelegt. &#8211; Ein bisschen Wissen hat Claudia aus ihrer Jugend mitgebracht, einige Erfahrungen hatten wir bereits in den Vorjahren mit den Hochbeeten im eigenen Garten gesammelt, dann gab es noch Nachbarn, die man fragen kann und au\u00dferdem geht probieren \u00fcber studieren.<\/p>\n<p>Gleich das erste Jahr war ein voller Erfolg. &#8211; Voll war dann auch unser Gefrierschrank. Wir mussten sogar einen Einkochkessel inkl. Einkochgl\u00e4ser und einen weiteren Gefrierschrank anschaffen, damit wir das ganze Gem\u00fcse verarbeiten konnten.<\/p>\n<p>Von den Zucchinis wurden wir in diesem ersten Jahr im wahrsten Sinne des Wortes \u00fcberrollt.\u00a0 &#8211; 5 Pflanzen sind f\u00fcr einen Haushalt einfach zu viel. \ud83d\ude42<\/p>\n<p>Neben dem, dass wir wissen, dass unser Gem\u00fcse ohne Kunstd\u00fcnger und Pestizide gewachsen ist, k\u00f6nnen wir es auch schmecken.<\/p>\n<p>Auch wenn die Arbeit auf dem Gem\u00fcsefeld manchmal sehr schwei\u00dftreibend ist. &#8211; Selber anbauen lohnt sich.<\/p>\n<p>&nbsp;<\/p>\n","protected":false},"excerpt":{"rendered":"<p>Selbstversorger! Ja, das w\u00e4re genau nach unserem Geschmack. F\u00fcr Claudia war es als Kind selbstverst\u00e4ndlich, im Sommer in den Garten hinterm Haus zu gehen und irgendetwas, das gerade reif war einfach zu essen. Da gab es neben Kartoffeln, Zwiebeln und<\/p>\n","protected":false},"author":1,"featured_media":0,"parent":0,"menu_order":3,"comment_status":"closed","ping_status":"closed","template":"","meta":{"footnotes":""},"class_list":["post-43","page","type-page","status-publish","hentry"],"_links":{"self":[{"href":"https:\/\/our-better-life.de\/index.php?rest_route=\/wp\/v2\/pages\/43","targetHints":{"allow":["GET"]}}],"collection":[{"href":"https:\/\/our-better-life.de\/index.php?rest_route=\/wp\/v2\/pages"}],"about":[{"href":"https:\/\/our-better-life.de\/index.php?rest_route=\/wp\/v2\/types\/page"}],"author":[{"embeddable":true,"href":"https:\/\/our-better-life.de\/index.php?rest_route=\/wp\/v2\/users\/1"}],"replies":[{"embeddable":true,"href":"https:\/\/our-better-life.de\/index.php?rest_route=%2Fwp%2Fv2%2Fcomments&post=43"}],"version-history":[{"count":4,"href":"https:\/\/our-better-life.de\/index.php?rest_route=\/wp\/v2\/pages\/43\/revisions"}],"predecessor-version":[{"id":171,"href":"https:\/\/our-better-life.de\/index.php?rest_route=\/wp\/v2\/pages\/43\/revisions\/171"}],"wp:attachment":[{"href":"https:\/\/our-better-life.de\/index.php?rest_route=%2Fwp%2Fv2%2Fmedia&parent=43"}],"curies":[{"name":"wp","href":"https:\/\/api.w.org\/{rel}","templated":true}]}}