{"id":46,"date":"2017-04-23T17:04:37","date_gmt":"2017-04-23T17:04:37","guid":{"rendered":"http:\/\/our-better-life.de\/?page_id=46"},"modified":"2020-04-21T13:23:25","modified_gmt":"2020-04-21T13:23:25","slug":"reisen","status":"publish","type":"page","link":"https:\/\/our-better-life.de\/?page_id=46","title":{"rendered":"Reisen"},"content":{"rendered":"<p>Bevor wir uns 1999 kennengelernt haben hat Rainer viele Fernreisen in der gesamten Welt unternommen und hat dabei viel erlebt und gesehen. Claudia hat in den letzten Jahren, nachdem ihre Tochter Sabrina geboren wurde meistens Tauchreisen in Europa und \u00c4gypten unternommen.<\/p>\n<p>Gemeinsam haben wir, zusammen mit Sabrina, Urlaube in Kenia, Kroatien, Italien, Deutschland und auf Mallorca unternommen.<\/p>\n<p>Von 2007 &#8211; 2016 sind wir dann in jedem Jahr ein bis zwei Mal nach Kenia geflogen (wir haben dort mit unserer 2008 gegr\u00fcndeten Hilfsorganisation &#8222;Hilfe f\u00fcr Kwale District e.V.&#8220; eine Schule aufgebaut) und haben uns lediglich einmal im Jahr einen privaten Urlaub in Form einer St\u00e4dtereise geg\u00f6nnt.<\/p>\n<p>Nachdem 2017 die Schule fertig gebaut war und wir die Schulspeisung der ca. 500 Kinder in die H\u00e4nde einer anderen Organisation \u00fcbergeben konnten, haben sich unsere Reisen stark ver\u00e4ndert.<\/p>\n<p>Bereits bei den St\u00e4dtereisen hat es uns immer in den Norden gezogen. Wir waren in Helsinki, Stockholm, Riega, Dublin und hatten f\u00fcr 2017 Edinburgh ins Auge gefasst. Durch den Entschluss, die Hilfsorganisation abzuwickeln kam auch der Entschluss, statt 2-3 Kenia dieses Mal 2-3 Wochen Schottland zu buchen.<\/p>\n<p>Diese erste richtige Urlaubsreise nach den Arbeitsurlauben in Afrika haben wir in vollen Z\u00fcgen (oder besser auf schmalen Stra\u00dfen) genossen. Schottland hat uns vom ersten Tag an begeistert.<\/p>\n<p>Wir hatten den Tipp bekommen, die Reise &#8211; es sollte eine Rundreise werden &#8211; komplett durchzuplanen und auch die Unterk\u00fcnfte bereits im Vorfeld zu reservieren, da es in der Hauptreisezeit durchaus sein kann, dass man spontan kein Bett f\u00fcr die Nacht mehr findet. &#8211; Das war auch gut so, denn das Schild &#8222;no vacancy&#8220; hing wirklich an jedem B&amp;B auf unserer Route. &#8211; Aber es war kein Problem, auch wenn zwei Unterk\u00fcnfte &#8222;nicht so der Hit&#8220; waren.<\/p>\n<p>Nach der ersten Woche haben wir dann aber schon bedauert, dass wir so durchgetaktet waren, denn die ein oder andere Gegend gefiel uns so gut, dass wir gerne l\u00e4nger geblieben w\u00e4ren. &#8211; Aber wir mussten ja weiter.<\/p>\n<p>Und genau zu dem Zeitpunkt ist es dann auch passiert: Im Norden von Schottland, am Farr Bay, haben wir unsere Herzen an Schottland verloren.<\/p>\n<p>Seit dem waren wir noch weitere 8 Mal in Schottland. Wir haben uns haupts\u00e4chlich den Norden n\u00e4her angeschaut, waren aber auch auf Skye, auf Shetland und den Orkneys und haben uns im Westen die Gegend um Lochinver und Kinglochbervie n\u00e4her angeschaut.<\/p>\n<p>Schottland ist unser Sehnsuchtsland. \ud83d\ude42<\/p>\n","protected":false},"excerpt":{"rendered":"<p>Bevor wir uns 1999 kennengelernt haben hat Rainer viele Fernreisen in der gesamten Welt unternommen und hat dabei viel erlebt und gesehen. Claudia hat in den letzten Jahren, nachdem ihre Tochter Sabrina geboren wurde meistens Tauchreisen in Europa und \u00c4gypten<\/p>\n","protected":false},"author":1,"featured_media":0,"parent":0,"menu_order":5,"comment_status":"closed","ping_status":"closed","template":"","meta":{"footnotes":""},"class_list":["post-46","page","type-page","status-publish","hentry"],"_links":{"self":[{"href":"https:\/\/our-better-life.de\/index.php?rest_route=\/wp\/v2\/pages\/46","targetHints":{"allow":["GET"]}}],"collection":[{"href":"https:\/\/our-better-life.de\/index.php?rest_route=\/wp\/v2\/pages"}],"about":[{"href":"https:\/\/our-better-life.de\/index.php?rest_route=\/wp\/v2\/types\/page"}],"author":[{"embeddable":true,"href":"https:\/\/our-better-life.de\/index.php?rest_route=\/wp\/v2\/users\/1"}],"replies":[{"embeddable":true,"href":"https:\/\/our-better-life.de\/index.php?rest_route=%2Fwp%2Fv2%2Fcomments&post=46"}],"version-history":[{"count":3,"href":"https:\/\/our-better-life.de\/index.php?rest_route=\/wp\/v2\/pages\/46\/revisions"}],"predecessor-version":[{"id":326,"href":"https:\/\/our-better-life.de\/index.php?rest_route=\/wp\/v2\/pages\/46\/revisions\/326"}],"wp:attachment":[{"href":"https:\/\/our-better-life.de\/index.php?rest_route=%2Fwp%2Fv2%2Fmedia&parent=46"}],"curies":[{"name":"wp","href":"https:\/\/api.w.org\/{rel}","templated":true}]}}