{"id":80,"date":"2020-02-23T14:03:54","date_gmt":"2020-02-23T14:03:54","guid":{"rendered":"http:\/\/our-better-life.de\/?page_id=80"},"modified":"2020-04-14T18:15:11","modified_gmt":"2020-04-14T18:15:11","slug":"aktivitaet","status":"publish","type":"page","link":"https:\/\/our-better-life.de\/?page_id=80","title":{"rendered":"Crafting"},"content":{"rendered":"<p>Seit 2017 verfolgen wir die Vision in den n\u00e4chsten Jahren ein B+B mit Blick auf den Atlantik und auf Berge zu er\u00f6ffnen.<\/p>\n<p>Neben einem gem\u00fctlichen und hochwertigen home-from-home wollen wir unseren G\u00e4sten auch ein modernes UND \u00f6kologisches Ambiente bieten.<\/p>\n<p>Aus diesem Grund haben wir \u00fcberlegt, welche Ausstattungsgegenst\u00e4nde f\u00fcr unser B+B sich selbst produzieren lassen.<\/p>\n<p>Dazu z\u00e4hlen Teppiche, Vorh\u00e4nge, kuschelige Decken, Handt\u00fccher und Waschlappen, Seife, Papierk\u00f6rbe, Tabletts, Untersetzer, coffee- und tea-cozy, div. Dekoartikel etc.<\/p>\n<p>Solche Accessoirs lassen sich selbst produzieren. &#8211; Also haben wir uns an die Arbeit gemacht.<\/p>\n<p>Rainer hat angefangen K\u00f6rbe zu flechten. &#8211; Die vielen kleinen und gro\u00dfen K\u00f6rbe finden Verwendung bei Claudias Strickprojekten oder werden zusammen mit den Seifen von Claudia an Freunde und Kollegen verschenkt.<\/p>\n<p>Claudia besch\u00e4ftigt sich mit Garnen und den diversen Verarbeitungsm\u00f6glichkeiten wie weben, filzen, stricken sowie der Produktion von Seifen und anderer Bio-Kosmetik (seit einigen Jahren haben wir keine Kosmetikprodukte mehr gekauft &#8211; bis auf Haarpflege, da ist Claudia noch im Experimentierstadium).<\/p>\n<p>Langfristig planen wir auch Workshops zu den jeweiligen Themen zu entwickeln, die wir mit unseren G\u00e4sten durchf\u00fchren k\u00f6nnen, wenn das Wetter an der Atlantikk\u00fcste (trotz passender) Garderobe zu ungem\u00fctlich ist, um vor die T\u00fcr zu gehen.<\/p>\n<p>&nbsp;<\/p>\n<p>&nbsp;<\/p>\n","protected":false},"excerpt":{"rendered":"<p>Seit 2017 verfolgen wir die Vision in den n\u00e4chsten Jahren ein B+B mit Blick auf den Atlantik und auf Berge zu er\u00f6ffnen. Neben einem gem\u00fctlichen und hochwertigen home-from-home wollen wir unseren G\u00e4sten auch ein modernes UND \u00f6kologisches Ambiente bieten. Aus<\/p>\n","protected":false},"author":1,"featured_media":0,"parent":0,"menu_order":2,"comment_status":"closed","ping_status":"closed","template":"","meta":{"footnotes":""},"class_list":["post-80","page","type-page","status-publish","hentry"],"_links":{"self":[{"href":"https:\/\/our-better-life.de\/index.php?rest_route=\/wp\/v2\/pages\/80","targetHints":{"allow":["GET"]}}],"collection":[{"href":"https:\/\/our-better-life.de\/index.php?rest_route=\/wp\/v2\/pages"}],"about":[{"href":"https:\/\/our-better-life.de\/index.php?rest_route=\/wp\/v2\/types\/page"}],"author":[{"embeddable":true,"href":"https:\/\/our-better-life.de\/index.php?rest_route=\/wp\/v2\/users\/1"}],"replies":[{"embeddable":true,"href":"https:\/\/our-better-life.de\/index.php?rest_route=%2Fwp%2Fv2%2Fcomments&post=80"}],"version-history":[{"count":2,"href":"https:\/\/our-better-life.de\/index.php?rest_route=\/wp\/v2\/pages\/80\/revisions"}],"predecessor-version":[{"id":138,"href":"https:\/\/our-better-life.de\/index.php?rest_route=\/wp\/v2\/pages\/80\/revisions\/138"}],"wp:attachment":[{"href":"https:\/\/our-better-life.de\/index.php?rest_route=%2Fwp%2Fv2%2Fmedia&parent=80"}],"curies":[{"name":"wp","href":"https:\/\/api.w.org\/{rel}","templated":true}]}}